{"id":3997,"date":"2020-12-27T11:09:15","date_gmt":"2020-12-27T11:09:15","guid":{"rendered":"https:\/\/lloydcoffee.lu\/?page_id=3997"},"modified":"2025-10-26T21:04:06","modified_gmt":"2025-10-26T20:04:06","slug":"jobs","status":"publish","type":"page","link":"https:\/\/lloydcoffee.lu\/en\/jobs\/","title":{"rendered":"Jobs"},"content":{"rendered":"\t\t<div data-elementor-type=\"wp-page\" data-elementor-id=\"3997\" class=\"elementor elementor-3997\">\n\t\t\t\t\t\t<section class=\"elementor-section elementor-top-section elementor-element elementor-element-b319a48 elementor-section-boxed elementor-section-height-default elementor-section-height-default sc_fly_static\" data-id=\"b319a48\" data-element_type=\"section\">\n\t\t\t\t\t\t<div class=\"elementor-container elementor-column-gap-extended\">\n\t\t\t\t\t<div class=\"elementor-column elementor-col-100 elementor-top-column elementor-element elementor-element-9da2cf5 sc_layouts_column_align_center sc_layouts_column sc_content_align_inherit sc_layouts_column_icons_position_left sc_fly_static\" data-id=\"9da2cf5\" data-element_type=\"column\">\n\t\t\t<div class=\"elementor-widget-wrap elementor-element-populated\">\n\t\t\t\t\t\t<div class=\"elementor-element elementor-element-7f82774 elementor-widget__width-initial sc_fly_static elementor-widget elementor-widget-trx_sc_title\" data-id=\"7f82774\" data-element_type=\"widget\" data-widget_type=\"trx_sc_title.default\">\n\t\t\t\t<div class=\"elementor-widget-container\">\n\t\t\t\t\t<div\t\tclass=\"sc_title sc_title_default\" ><h1 class=\"sc_item_title sc_title_title sc_align_center sc_item_title_style_default sc_item_title_tag\"\n\t\t\t><span class=\"sc_item_title_text\">Join the team and become a Lloyder<\/span><\/h1><span class=\"sc_item_subtitle sc_title_subtitle sc_align_center sc_item_subtitle_below sc_item_title_style_default\"><br>Our values<\/span><\/div>\t\t\t\t<\/div>\n\t\t\t\t<\/div>\n\t\t\t\t<div class=\"elementor-element elementor-element-dff79dc sc_height_small sc_fly_static elementor-widget elementor-widget-spacer\" data-id=\"dff79dc\" data-element_type=\"widget\" data-widget_type=\"spacer.default\">\n\t\t\t\t<div class=\"elementor-widget-container\">\n\t\t\t\t\t\t\t<div class=\"elementor-spacer\">\n\t\t\t<div class=\"elementor-spacer-inner\"><\/div>\n\t\t<\/div>\n\t\t\t\t\t\t<\/div>\n\t\t\t\t<\/div>\n\t\t\t\t<section class=\"elementor-section elementor-inner-section elementor-element elementor-element-ce0a48d elementor-section-boxed elementor-section-height-default elementor-section-height-default sc_fly_static\" data-id=\"ce0a48d\" data-element_type=\"section\">\n\t\t\t\t\t\t<div class=\"elementor-container elementor-column-gap-no\">\n\t\t\t\t\t<div class=\"elementor-column elementor-col-100 elementor-inner-column elementor-element elementor-element-b2be0b4 sc_content_align_inherit sc_layouts_column_icons_position_left sc_fly_static\" data-id=\"b2be0b4\" data-element_type=\"column\">\n\t\t\t<div class=\"elementor-widget-wrap elementor-element-populated\">\n\t\t\t\t\t\t<div data-animation-type=\"sequental\" data-animation-stagger=\"\" class=\"elementor-element elementor-element-c18eb73 animation_type_sequental sc_fly_static elementor-invisible elementor-widget elementor-widget-trx_sc_icons\" data-id=\"c18eb73\" data-element_type=\"widget\" data-settings=\"{&quot;_animation&quot;:&quot;aromatica-fadeinup&quot;,&quot;_animation_delay&quot;:100}\" data-widget_type=\"trx_sc_icons.default\">\n\t\t\t\t<div class=\"elementor-widget-container\">\n\t\t\t\t\t<div \tclass=\"sc_icons color_style_dark sc_icons_creative sc_icons_size_medium sc_align_center\" ><div class=\"sc_icons_columns_wrap sc_item_columns trx_addons_columns_wrap columns_padding_bottom columns_in_single_row\" ><div class=\"trx_addons_column-1_3\"><div class=\"sc_icons_item\"><div class=\"sc_icons_icon sc_icon_type_ icon-angellist\" ><span class=\"sc_icon_type_ icon-angellist\"><\/span>                            <div class=\"sc_icons_decoration_bg\"><svg class=\"decor-svg\" xmlns=\"http:\/\/www.w3.org\/2000\/svg\" viewBox=\"0 0 112.77 111.59\">   <path  d=\"M-15315.315-17576.43c31.781-22.219,100.99,5.348,96.1,41.223s-33.781,69.844-71.955,60.957S-15347.095-17554.211-15315.315-17576.43Z\" transform=\"translate(15331.737 17584.408)\"\/> <\/svg><\/div><\/div><div class=\"sc_icons_item_details\"><h4 class=\"sc_icons_item_title\"><span>Good vibes only<\/span><\/h4><div class=\"sc_icons_item_description\"><span>Brewing positive energy in every cup and&nbsp;every connection.<\/span><\/div><\/div><\/div><\/div><div class=\"trx_addons_column-1_3\"><div class=\"sc_icons_item\"><div class=\"sc_icons_icon sc_icon_type_ icon-fire-light\" ><span class=\"sc_icon_type_ icon-fire-light\"><\/span>                            <div class=\"sc_icons_decoration_bg\"><svg class=\"decor-svg\" xmlns=\"http:\/\/www.w3.org\/2000\/svg\" viewBox=\"0 0 112.77 111.59\">   <path  d=\"M-15315.315-17576.43c31.781-22.219,100.99,5.348,96.1,41.223s-33.781,69.844-71.955,60.957S-15347.095-17554.211-15315.315-17576.43Z\" transform=\"translate(15331.737 17584.408)\"\/> <\/svg><\/div><\/div><div class=\"sc_icons_item_details\"><h4 class=\"sc_icons_item_title\"><span>Trendy<\/span><\/h4><div class=\"sc_icons_item_description\"><span>Be part of a team that brews coffee, style,&nbsp;and&nbsp;family spirit.<\/span><\/div><\/div><\/div><\/div><div class=\"trx_addons_column-1_3\"><div class=\"sc_icons_item\"><div class=\"sc_icons_icon sc_icon_type_ icon-aroma-brandnew-one\" ><span class=\"sc_icon_type_ icon-aroma-brandnew-one\"><\/span>                            <div class=\"sc_icons_decoration_bg\"><svg class=\"decor-svg\" xmlns=\"http:\/\/www.w3.org\/2000\/svg\" viewBox=\"0 0 112.77 111.59\">   <path  d=\"M-15315.315-17576.43c31.781-22.219,100.99,5.348,96.1,41.223s-33.781,69.844-71.955,60.957S-15347.095-17554.211-15315.315-17576.43Z\" transform=\"translate(15331.737 17584.408)\"\/> <\/svg><\/div><\/div><div class=\"sc_icons_item_details\"><h4 class=\"sc_icons_item_title\"><span>Growth<\/span><\/h4><div class=\"sc_icons_item_description\"><span>Growing together, one cup and one&nbsp;opportunity at a time.<\/span><\/div><\/div><\/div><\/div><\/div><\/div><!-- \/.sc_icons -->\t\t\t\t<\/div>\n\t\t\t\t<\/div>\n\t\t\t\t\t<\/div>\n\t\t<\/div>\n\t\t\t\t\t<\/div>\n\t\t<\/section>\n\t\t\t\t<div class=\"elementor-element elementor-element-3b2f549 sc_height_huge sc_fly_static elementor-widget elementor-widget-spacer\" data-id=\"3b2f549\" data-element_type=\"widget\" data-widget_type=\"spacer.default\">\n\t\t\t\t<div class=\"elementor-widget-container\">\n\t\t\t\t\t\t\t<div class=\"elementor-spacer\">\n\t\t\t<div class=\"elementor-spacer-inner\"><\/div>\n\t\t<\/div>\n\t\t\t\t\t\t<\/div>\n\t\t\t\t<\/div>\n\t\t\t\t\t<\/div>\n\t\t<\/div>\n\t\t\t\t\t<\/div>\n\t\t<\/section>\n\t\t\t\t<section class=\"elementor-section elementor-top-section elementor-element elementor-element-1a1388f elementor-section-full_width elementor-section-height-default elementor-section-height-default sc_fly_static\" data-id=\"1a1388f\" data-element_type=\"section\">\n\t\t\t\t\t\t<div class=\"elementor-container elementor-column-gap-no\">\n\t\t\t\t\t<div class=\"elementor-column elementor-col-100 elementor-top-column elementor-element elementor-element-fb8a865 sc_content_align_inherit sc_layouts_column_icons_position_left sc_fly_static\" data-id=\"fb8a865\" data-element_type=\"column\">\n\t\t\t<div class=\"elementor-widget-wrap elementor-element-populated\">\n\t\t\t\t\t\t<div class=\"elementor-element elementor-element-a216ff5 sc_fly_static elementor-widget elementor-widget-html\" data-id=\"a216ff5\" data-element_type=\"widget\" data-widget_type=\"html.default\">\n\t\t\t\t<div class=\"elementor-widget-container\">\n\t\t\t\t\t<script>document.addEventListener(\"DOMContentLoaded\", function () {\n  const nativeSelect = document.querySelector('#awsm-job-location-filter-option-1');\n\n  if (!nativeSelect) return;\n\n  \/\/ V\u00e9rifie si \"Luxembourg\" est d\u00e9j\u00e0 pr\u00e9sent\n  let exists = Array.from(nativeSelect.options).some(opt => opt.value === \"999\");\n\n  if (!exists) {\n    const luxOption = document.createElement(\"option\");\n    luxOption.value = \"999\"; \/\/ identifiant fictif\n    \/\/ Utilisation d'entit\u00e9s HTML pour Selectric\n    luxOption.innerHTML = \"\ud83c\udde7\ud83c\uddea <strong>Belgium<\/strong>\";\n    nativeSelect.appendChild(luxOption);\n  }\n\n  \/\/ Rafra\u00eechir Selectric pour prendre en compte la nouvelle option\n  if (typeof jQuery !== \"undefined\" && jQuery().selectric) {\n    jQuery(nativeSelect).selectric('refresh');\n\n    \/\/ \u00c9couter la s\u00e9lection via jQuery\n    jQuery(nativeSelect).on('change', function () {\n      const selectedValue = this.value;\n      if (selectedValue === \"999\") {\n        window.location.href = \"https:\/\/lloydcoffee.com\/jobs\/\"; \/\/ \u2190 remplace avec ta vraie URL\n      }\n    });\n  }\n});\n\n<\/script>\t\t\t\t<\/div>\n\t\t\t\t<\/div>\n\t\t\t\t<div class=\"elementor-element elementor-element-7f97db3 sc_fly_static elementor-widget elementor-widget-text-editor\" data-id=\"7f97db3\" data-element_type=\"widget\" data-widget_type=\"text-editor.default\">\n\t\t\t\t<div class=\"elementor-widget-container\">\n\t\t\t\t\t\t\t\t\t\t<div class=\"awsm-job-wrap\">\n\n\t\t<div class=\"awsm-filter-wrap awsm-no-search-filter-wrap\"><form action=\"https:\/\/lloydcoffee.lu\/wp-admin\/admin-ajax.php\" method=\"POST\"><a href=\"#\" class=\"awsm-filter-toggle\" role=\"button\" aria-pressed=\"false\"><span class=\"awsm-filter-toggle-text-wrapper\">Filter by<\/span><svg width=\"100\" height=\"100\" viewBox=\"0 0 100 100\" xmlns=\"http:\/\/www.w3.org\/2000\/svg\" version=\"1.1\" preserveAspectRatio=\"xMinYMin\"><path xmlns=\"http:\/\/www.w3.org\/2000\/svg\" fill=\"rgb(9.803922%,9.803922%,9.803922%)\" d=\"M 36.417969 19.9375 L 36.417969 17.265625 C 36.417969 16.160156 35.523438 15.265625 34.417969 15.265625 L 21.578125 15.265625 C 20.476562 15.265625 19.578125 16.160156 19.578125 17.265625 L 19.578125 19.9375 L 11 19.9375 L 11 26.9375 L 19.578125 26.9375 L 19.578125 30.105469 C 19.578125 31.210938 20.476562 32.105469 21.578125 32.105469 L 34.417969 32.105469 C 35.523438 32.105469 36.417969 31.210938 36.417969 30.105469 L 36.417969 26.9375 L 89 26.9375 L 89 19.9375 Z M 58.421875 43.578125 C 58.421875 42.476562 57.527344 41.578125 56.421875 41.578125 L 43.582031 41.578125 C 42.480469 41.578125 41.582031 42.476562 41.582031 43.578125 L 41.582031 46.5 L 11 46.5 L 11 53.5 L 41.582031 53.5 L 41.582031 56.421875 C 41.582031 57.527344 42.480469 58.421875 43.582031 58.421875 L 56.421875 58.421875 C 57.527344 58.421875 58.421875 57.527344 58.421875 56.421875 L 58.421875 53.5 L 89 53.5 L 89 46.5 L 58.421875 46.5 Z M 80.417969 70.140625 C 80.417969 69.035156 79.523438 68.140625 78.417969 68.140625 L 65.578125 68.140625 C 64.476562 68.140625 63.578125 69.035156 63.578125 70.140625 L 63.578125 73.0625 L 11 73.0625 L 11 80.0625 L 63.578125 80.0625 L 63.578125 82.984375 C 63.578125 84.085938 64.476562 84.984375 65.578125 84.984375 L 78.417969 84.984375 C 79.523438 84.984375 80.417969 84.085938 80.417969 82.984375 L 80.417969 80.0625 L 89 80.0625 L 89 73.0625 L 80.417969 73.0625 Z M 80.417969 70.140625\"\/><\/svg><\/a><div class=\"awsm-filter-items\"><div class=\"awsm-filter-item\" data-filter=\"job__category_spec\"><label for=\"awsm-job-category-filter-option-1\" class=\"awsm-sr-only\">All Job Category<\/label><select name=\"awsm_job_spec[job-category]\" class=\"awsm-filter-option awsm-job-category-filter-option\" id=\"awsm-job-category-filter-option-1\" aria-label=\"All Job Category\"><option value=\"\">All Job Category<\/option><option value=\"289\" data-slug=\"full-time\">Full Time<\/option><option value=\"264\" data-slug=\"student\">Student<\/option><\/select><\/div><div class=\"awsm-filter-item\" data-filter=\"job__location_spec\"><label for=\"awsm-job-location-filter-option-1\" class=\"awsm-sr-only\">All Job Location<\/label><select name=\"awsm_job_spec[job-location]\" class=\"awsm-filter-option awsm-job-location-filter-option\" id=\"awsm-job-location-filter-option-1\" aria-label=\"All Job Location\"><option value=\"\">All Job Location<\/option><option value=\"291\" data-slug=\"luxembourg\">Luxembourg<\/option><\/select><\/div><\/div><input type=\"hidden\" name=\"lang\" value=\"en\"><input type=\"hidden\" name=\"action\" value=\"jobfilter\"><\/form><\/div>\n\t\t<div class=\"awsm-job-listings awsm-row awsm-grid-col-3\" data-listings=\"10\" data-lang=\"en\">\n\t\t\t<div class=\"awsm-job-listing-item awsm-grid-item\" id=\"awsm-grid-item-35699\">\t\t<a href=\"https:\/\/lloydcoffee.lu\/en\/job\/luxembourg-full-time\/\" class=\"awsm-job-item\">\t\t\t<div class=\"awsm-grid-left-col\">\n\t\t\t\t\n\t\t\t\t\n\t\t\t\t<h2 class=\"awsm-job-post-title\">\n\t\t\t\t\tLuxembourg &#8211; Full time\t\t\t\t<\/h2>\n\n\t\t\t\t\t\t\t<\/div>\n\n\t\t\t<div class=\"awsm-grid-right-col\">\n\t\t\t\t<div class=\"awsm-job-specification-wrapper\"><div class=\"awsm-job-specification-item awsm-job-specification-job-category\"><i class=\"awsm-job-icon-angle-right\"><\/i><span class=\"awsm-job-specification-term\">Full Time<\/span> <\/div><div class=\"awsm-job-specification-item awsm-job-specification-job-location\"><i class=\"awsm-job-icon-map-pin\"><\/i><span class=\"awsm-job-specification-term\">Luxembourg<\/span> <\/div><\/div><div class=\"awsm-job-more-container\"><span class=\"awsm-job-more\">More Details <span><\/span><\/span><\/div>\t\t\t<\/div>\n\t\t<\/a>\t<\/div><div class=\"awsm-job-listing-item awsm-grid-item\" id=\"awsm-grid-item-35555\">\t\t<a href=\"https:\/\/lloydcoffee.lu\/en\/job\/luxembourg-student\/\" class=\"awsm-job-item\">\t\t\t<div class=\"awsm-grid-left-col\">\n\t\t\t\t\n\t\t\t\t\n\t\t\t\t<h2 class=\"awsm-job-post-title\">\n\t\t\t\t\tLuxembourg &#8211; Student\t\t\t\t<\/h2>\n\n\t\t\t\t\t\t\t<\/div>\n\n\t\t\t<div class=\"awsm-grid-right-col\">\n\t\t\t\t<div class=\"awsm-job-specification-wrapper\"><div class=\"awsm-job-specification-item awsm-job-specification-job-category\"><i class=\"awsm-job-icon-angle-right\"><\/i><span class=\"awsm-job-specification-term\">Student<\/span> <\/div><div class=\"awsm-job-specification-item awsm-job-specification-job-location\"><i class=\"awsm-job-icon-map-pin\"><\/i><span class=\"awsm-job-specification-term\">Luxembourg<\/span> <\/div><\/div><div class=\"awsm-job-more-container\"><span class=\"awsm-job-more\">More Details <span><\/span><\/span><\/div>\t\t\t<\/div>\n\t\t<\/a>\t<\/div>\t\t<\/div>\n\n\t<\/div>\n\t\t\t\t\t\t\t\t\t<\/div>\n\t\t\t\t<\/div>\n\t\t\t\t\t<\/div>\n\t\t<\/div>\n\t\t\t\t\t<\/div>\n\t\t<\/section>\n\t\t\t\t<section class=\"elementor-section elementor-top-section elementor-element elementor-element-bd2c14a elementor-section-full_width elementor-section-height-default elementor-section-height-default sc_fly_static\" data-id=\"bd2c14a\" data-element_type=\"section\">\n\t\t\t\t\t\t<div class=\"elementor-container elementor-column-gap-no\">\n\t\t\t\t\t<div class=\"elementor-column elementor-col-100 elementor-top-column elementor-element elementor-element-f8960da sc_content_align_inherit sc_layouts_column_icons_position_left sc_fly_static\" data-id=\"f8960da\" data-element_type=\"column\">\n\t\t\t<div class=\"elementor-widget-wrap elementor-element-populated\">\n\t\t\t\t\t\t<div class=\"elementor-element elementor-element-c662cf0 sc_height_large sc_fly_static elementor-widget elementor-widget-spacer\" data-id=\"c662cf0\" data-element_type=\"widget\" data-widget_type=\"spacer.default\">\n\t\t\t\t<div class=\"elementor-widget-container\">\n\t\t\t\t\t\t\t<div class=\"elementor-spacer\">\n\t\t\t<div class=\"elementor-spacer-inner\"><\/div>\n\t\t<\/div>\n\t\t\t\t\t\t<\/div>\n\t\t\t\t<\/div>\n\t\t\t\t<div class=\"elementor-element elementor-element-1ea36cf sc_fly_static elementor-widget elementor-widget-video\" data-id=\"1ea36cf\" data-element_type=\"widget\" data-settings=\"{&quot;video_type&quot;:&quot;hosted&quot;,&quot;controls&quot;:&quot;yes&quot;}\" data-widget_type=\"video.default\">\n\t\t\t\t<div class=\"elementor-widget-container\">\n\t\t\t\t\t\t\t<div class=\"e-hosted-video elementor-wrapper elementor-open-inline\">\n\t\t\t\t\t<video class=\"elementor-video\" src=\"https:\/\/lloydcoffee.lu\/wp-content\/uploads\/2025\/08\/copy_9D8EFE9B-AB21-4CE3-8366-76E80CC52A2F.mov\" controls=\"\" preload=\"metadata\" controlsList=\"nodownload\" poster=\"https:\/\/lloydcoffee.lu\/wp-content\/uploads\/2025\/08\/WhatsApp-Image-2025-08-18-at-12.48.33.jpeg\"><\/video>\n\t\t\t\t<\/div>\n\t\t\t\t\t\t<\/div>\n\t\t\t\t<\/div>\n\t\t\t\t\t<\/div>\n\t\t<\/div>\n\t\t\t\t\t<\/div>\n\t\t<\/section>\n\t\t\t\t<\/div>\n\t\t","protected":false},"excerpt":{"rendered":"<p>Join the team and become a Lloyder Our values Good vibes only Brewing positive energy in every cup and&nbsp;every connection. Trendy Be part of a team that brews coffee, style,&nbsp;and&nbsp;family&hellip;<\/p>\n","protected":false},"author":1,"featured_media":0,"parent":0,"menu_order":0,"comment_status":"closed","ping_status":"closed","template":"","meta":{"inline_featured_image":false,"footnotes":""},"class_list":["post-3997","page","type-page","status-publish","hentry"],"_links":{"self":[{"href":"https:\/\/lloydcoffee.lu\/en\/wp-json\/wp\/v2\/pages\/3997","targetHints":{"allow":["GET"]}}],"collection":[{"href":"https:\/\/lloydcoffee.lu\/en\/wp-json\/wp\/v2\/pages"}],"about":[{"href":"https:\/\/lloydcoffee.lu\/en\/wp-json\/wp\/v2\/types\/page"}],"author":[{"embeddable":true,"href":"https:\/\/lloydcoffee.lu\/en\/wp-json\/wp\/v2\/users\/1"}],"replies":[{"embeddable":true,"href":"https:\/\/lloydcoffee.lu\/en\/wp-json\/wp\/v2\/comments?post=3997"}],"version-history":[{"count":113,"href":"https:\/\/lloydcoffee.lu\/en\/wp-json\/wp\/v2\/pages\/3997\/revisions"}],"predecessor-version":[{"id":38517,"href":"https:\/\/lloydcoffee.lu\/en\/wp-json\/wp\/v2\/pages\/3997\/revisions\/38517"}],"wp:attachment":[{"href":"https:\/\/lloydcoffee.lu\/en\/wp-json\/wp\/v2\/media?parent=3997"}],"curies":[{"name":"wp","href":"https:\/\/api.w.org\/{rel}","templated":true}]}}